{"id":593,"date":"2022-10-10T19:38:40","date_gmt":"2022-10-10T19:38:40","guid":{"rendered":"https:\/\/besmilet.com\/demo2022\/servicios\/profilaxis-y-detartraje-copy\/"},"modified":"2024-10-04T20:22:24","modified_gmt":"2024-10-04T20:22:24","slug":"armonizacion-orofacial","status":"publish","type":"page","link":"https:\/\/besmilet.com\/en\/servicios\/armonizacion-orofacial\/","title":{"rendered":"Orofacial harmonization"},"content":{"rendered":"<div data-elementor-type=\"wp-page\" data-elementor-id=\"593\" class=\"elementor elementor-593\">\n\t\t\t\t\t\t<section class=\"elementor-section elementor-top-section elementor-element elementor-element-b629ee4 elementor-section-height-min-height elementor-section-boxed elementor-section-height-default elementor-section-items-middle exad-glass-effect-no wpr-particle-no wpr-jarallax-no wpr-parallax-no wpr-sticky-section-no wpr-equal-height-no exad-sticky-section-no\" data-id=\"b629ee4\" data-element_type=\"section\" data-e-type=\"section\" data-settings=\"{&quot;background_background&quot;:&quot;classic&quot;,&quot;shape_divider_bottom&quot;:&quot;curve&quot;,&quot;shape_divider_bottom_negative&quot;:&quot;yes&quot;}\">\n\t\t\t\t\t\t\t<div class=\"elementor-background-overlay\"><\/div>\n\t\t\t\t\t\t<div class=\"elementor-shape elementor-shape-bottom\" aria-hidden=\"true\" data-negative=\"true\">\n\t\t\t<svg xmlns=\"http:\/\/www.w3.org\/2000\/svg\" viewbox=\"0 0 1000 100\" preserveaspectratio=\"none\">\n\t<path class=\"elementor-shape-fill\" d=\"M500,97C126.7,96.3,0.8,19.8,0,0v100l1000,0V1C1000,19.4,873.3,97.8,500,97z\"\/>\n<\/svg>\t\t<\/div>\n\t\t\t\t\t<div class=\"elementor-container elementor-column-gap-default\">\n\t\t\t\t\t<div class=\"elementor-column elementor-col-100 elementor-top-column elementor-element elementor-element-87a3303 exad-glass-effect-no exad-sticky-section-no\" data-id=\"87a3303\" data-element_type=\"column\" data-e-type=\"column\">\n\t\t\t<div class=\"elementor-widget-wrap elementor-element-populated\">\n\t\t\t\t\t\t<div class=\"elementor-element elementor-element-6b45c0b exad-sticky-section-no exad-glass-effect-no elementor-invisible elementor-widget elementor-widget-heading\" data-id=\"6b45c0b\" data-element_type=\"widget\" data-e-type=\"widget\" data-settings=\"{&quot;_animation&quot;:&quot;fadeInLeft&quot;}\" data-widget_type=\"heading.default\">\n\t\t\t\t<div class=\"elementor-widget-container\">\n\t\t\t\t\t<h2 class=\"elementor-heading-title elementor-size-default\"><a href=\"https:\/\/besmilet.com\/en\/servicios\/\">Services<\/a><\/h2>\t\t\t\t<\/div>\n\t\t\t\t<\/div>\n\t\t\t\t<div class=\"elementor-element elementor-element-6673e69 exad-sticky-section-no exad-glass-effect-no elementor-invisible elementor-widget elementor-widget-heading\" data-id=\"6673e69\" data-element_type=\"widget\" data-e-type=\"widget\" data-settings=\"{&quot;_animation&quot;:&quot;fadeInLeft&quot;}\" data-widget_type=\"heading.default\">\n\t\t\t\t<div class=\"elementor-widget-container\">\n\t\t\t\t\t<h2 class=\"elementor-heading-title elementor-size-default\">Orofacial harmonization<\/h2>\t\t\t\t<\/div>\n\t\t\t\t<\/div>\n\t\t\t\t\t<\/div>\n\t\t<\/div>\n\t\t\t\t\t<\/div>\n\t\t<\/section>\n\t\t\t\t<section class=\"elementor-section elementor-top-section elementor-element elementor-element-e456e93 elementor-section-height-min-height elementor-section-items-top elementor-section-content-middle elementor-section-boxed elementor-section-height-default exad-glass-effect-no wpr-particle-no wpr-jarallax-no wpr-parallax-no wpr-sticky-section-no wpr-equal-height-no exad-sticky-section-no\" data-id=\"e456e93\" data-element_type=\"section\" data-e-type=\"section\" data-settings=\"{&quot;background_background&quot;:&quot;classic&quot;}\">\n\t\t\t\t\t\t\t<div class=\"elementor-background-overlay\"><\/div>\n\t\t\t\t\t\t\t<div class=\"elementor-container elementor-column-gap-default\">\n\t\t\t\t\t<div class=\"elementor-column elementor-col-50 elementor-top-column elementor-element elementor-element-b835f6e exad-glass-effect-no exad-sticky-section-no elementor-invisible\" data-id=\"b835f6e\" data-element_type=\"column\" data-e-type=\"column\" data-settings=\"{&quot;background_background&quot;:&quot;classic&quot;,&quot;animation&quot;:&quot;fadeInLeft&quot;}\">\n\t\t\t<div class=\"elementor-widget-wrap elementor-element-populated\">\n\t\t\t\t\t\t<div class=\"elementor-element elementor-element-1f36b84 exad-sticky-section-no exad-glass-effect-no elementor-invisible elementor-widget elementor-widget-image\" data-id=\"1f36b84\" data-element_type=\"widget\" data-e-type=\"widget\" data-settings=\"{&quot;_animation&quot;:&quot;zoomIn&quot;,&quot;_animation_delay&quot;:600}\" data-widget_type=\"image.default\">\n\t\t\t\t<div class=\"elementor-widget-container\">\n\t\t\t\t\t\t\t\t\t\t\t\t\t\t\t<img decoding=\"async\" src=\"https:\/\/besmilet.com\/wp-content\/uploads\/elementor\/thumbs\/DJI_20210615_140912_842-min-pwy7woy0v1j1sy1vk6f15rkx069w69oujesbygfeqg.jpg\" title=\"DJI_20210615_140912_842-min\" alt=\"DJI_20210615_140912_842-min\" loading=\"lazy\" \/>\t\t\t\t\t\t\t\t\t\t\t\t\t\t\t<\/div>\n\t\t\t\t<\/div>\n\t\t\t\t\t<\/div>\n\t\t<\/div>\n\t\t\t\t<div class=\"elementor-column elementor-col-50 elementor-top-column elementor-element elementor-element-b99e0de exad-glass-effect-no exad-sticky-section-no\" data-id=\"b99e0de\" data-element_type=\"column\" data-e-type=\"column\">\n\t\t\t<div class=\"elementor-widget-wrap elementor-element-populated\">\n\t\t\t\t\t\t<div class=\"elementor-element elementor-element-7fc7772 exad-sticky-section-no exad-glass-effect-no elementor-widget elementor-widget-heading\" data-id=\"7fc7772\" data-element_type=\"widget\" data-e-type=\"widget\" data-widget_type=\"heading.default\">\n\t\t\t\t<div class=\"elementor-widget-container\">\n\t\t\t\t\t<h2 class=\"elementor-heading-title elementor-size-default\">Specialist in <br><b>Orofacial harmonization<\/b><\/h2>\t\t\t\t<\/div>\n\t\t\t\t<\/div>\n\t\t\t\t<div class=\"elementor-element elementor-element-af8685d elementor-widget-divider--view-line exad-sticky-section-no exad-glass-effect-no elementor-widget elementor-widget-divider\" data-id=\"af8685d\" data-element_type=\"widget\" data-e-type=\"widget\" data-widget_type=\"divider.default\">\n\t\t\t\t<div class=\"elementor-widget-container\">\n\t\t\t\t\t\t\t<div class=\"elementor-divider\">\n\t\t\t<span class=\"elementor-divider-separator\">\n\t\t\t\t\t\t<\/span>\n\t\t<\/div>\n\t\t\t\t\t\t<\/div>\n\t\t\t\t<\/div>\n\t\t\t\t<div class=\"elementor-element elementor-element-c92b993 exad-sticky-section-no exad-glass-effect-no elementor-invisible elementor-widget elementor-widget-text-editor\" data-id=\"c92b993\" data-element_type=\"widget\" data-e-type=\"widget\" data-settings=\"{&quot;_animation&quot;:&quot;zoomIn&quot;,&quot;_animation_delay&quot;:600}\" data-widget_type=\"text-editor.default\">\n\t\t\t\t<div class=\"elementor-widget-container\">\n\t\t\t\t\t\t\t\t\t<p>Within these procedures are the application of botox, hyaluronic acid, threads, enzymes to improve the double chin, among others; in order to improve the appearance of the face.<\/p>\t\t\t\t\t\t\t\t<\/div>\n\t\t\t\t<\/div>\n\t\t\t\t<div class=\"elementor-element elementor-element-7bc42e5 exad-sticky-section-no exad-glass-effect-no elementor-widget elementor-widget-button\" data-id=\"7bc42e5\" data-element_type=\"widget\" data-e-type=\"widget\" data-widget_type=\"button.default\">\n\t\t\t\t<div class=\"elementor-widget-container\">\n\t\t\t\t\t\t\t\t\t<div class=\"elementor-button-wrapper\">\n\t\t\t\t\t<a class=\"elementor-button elementor-button-link elementor-size-sm\" href=\"https:\/\/api.whatsapp.com\/send\/?phone=573137965131&#038;text=Solicitar%20servicio%20\">\n\t\t\t\t\t\t<span class=\"elementor-button-content-wrapper\">\n\t\t\t\t\t\t\t\t\t<span class=\"elementor-button-text\">request service<\/span>\n\t\t\t\t\t<\/span>\n\t\t\t\t\t<\/a>\n\t\t\t\t<\/div>\n\t\t\t\t\t\t\t\t<\/div>\n\t\t\t\t<\/div>\n\t\t\t\t\t<\/div>\n\t\t<\/div>\n\t\t\t\t\t<\/div>\n\t\t<\/section>\n\t\t\t\t<section class=\"elementor-section elementor-top-section elementor-element elementor-element-2fed401 elementor-section-boxed elementor-section-height-default elementor-section-height-default exad-glass-effect-no wpr-particle-no wpr-jarallax-no wpr-parallax-no wpr-sticky-section-no wpr-equal-height-no exad-sticky-section-no\" data-id=\"2fed401\" data-element_type=\"section\" data-e-type=\"section\">\n\t\t\t\t\t\t<div class=\"elementor-container elementor-column-gap-default\">\n\t\t\t\t\t<div class=\"elementor-column elementor-col-100 elementor-top-column elementor-element elementor-element-6a7aeb6 exad-glass-effect-no exad-sticky-section-no\" data-id=\"6a7aeb6\" data-element_type=\"column\" data-e-type=\"column\">\n\t\t\t<div class=\"elementor-widget-wrap elementor-element-populated\">\n\t\t\t\t\t\t<div class=\"elementor-element elementor-element-f141736 exad-sticky-section-no exad-glass-effect-no elementor-invisible elementor-widget elementor-widget-heading\" data-id=\"f141736\" data-element_type=\"widget\" data-e-type=\"widget\" data-settings=\"{&quot;_animation&quot;:&quot;fadeInLeft&quot;}\" data-widget_type=\"heading.default\">\n\t\t\t\t<div class=\"elementor-widget-container\">\n\t\t\t\t\t<h2 class=\"elementor-heading-title elementor-size-default\">Gallery<\/h2>\t\t\t\t<\/div>\n\t\t\t\t<\/div>\n\t\t\t\t<div class=\"elementor-element elementor-element-7ce183c elementor-widget-divider--view-line_icon elementor-view-default elementor-widget-divider--element-align-center exad-sticky-section-no exad-glass-effect-no elementor-widget elementor-widget-divider\" data-id=\"7ce183c\" data-element_type=\"widget\" data-e-type=\"widget\" data-widget_type=\"divider.default\">\n\t\t\t\t<div class=\"elementor-widget-container\">\n\t\t\t\t\t\t\t<div class=\"elementor-divider\">\n\t\t\t<span class=\"elementor-divider-separator\">\n\t\t\t\t\t\t\t<div class=\"elementor-icon elementor-divider__element\">\n\t\t\t\t\t<i aria-hidden=\"true\" class=\"fas fa-teeth\"><\/i><\/div>\n\t\t\t\t\t\t<\/span>\n\t\t<\/div>\n\t\t\t\t\t\t<\/div>\n\t\t\t\t<\/div>\n\t\t\t\t<div class=\"elementor-element elementor-element-f87cf0e exad-sticky-section-no exad-glass-effect-no elementor-widget elementor-widget-gallery\" data-id=\"f87cf0e\" data-element_type=\"widget\" data-e-type=\"widget\" data-settings=\"{&quot;aspect_ratio&quot;:&quot;1:1&quot;,&quot;lazyload&quot;:&quot;yes&quot;,&quot;gallery_layout&quot;:&quot;grid&quot;,&quot;columns&quot;:4,&quot;columns_tablet&quot;:2,&quot;columns_mobile&quot;:1,&quot;gap&quot;:{&quot;unit&quot;:&quot;px&quot;,&quot;size&quot;:10,&quot;sizes&quot;:[]},&quot;gap_tablet&quot;:{&quot;unit&quot;:&quot;px&quot;,&quot;size&quot;:10,&quot;sizes&quot;:[]},&quot;gap_mobile&quot;:{&quot;unit&quot;:&quot;px&quot;,&quot;size&quot;:10,&quot;sizes&quot;:[]},&quot;link_to&quot;:&quot;file&quot;,&quot;overlay_background&quot;:&quot;yes&quot;,&quot;content_hover_animation&quot;:&quot;fade-in&quot;}\" data-widget_type=\"gallery.default\">\n\t\t\t\t<div class=\"elementor-widget-container\">\n\t\t\t\t\t\t\t<div class=\"elementor-gallery__container\">\n\t\t\t\t\t\t\t<a class=\"e-gallery-item elementor-gallery-item elementor-animated-content\" href=\"https:\/\/besmilet.com\/wp-content\/uploads\/2022\/10\/DJI_20210615_140636_572-min.jpg\" data-elementor-open-lightbox=\"yes\" data-elementor-lightbox-slideshow=\"all-f87cf0e\" data-elementor-lightbox-title=\"DJI_20210615_140636_572-min\" data-e-action-hash=\"#elementor-action%3Aaction%3Dlightbox%26settings%3DeyJpZCI6NzIwLCJ1cmwiOiJodHRwczpcL1wvYmVzbWlsZXQuY29tXC93cC1jb250ZW50XC91cGxvYWRzXC8yMDIyXC8xMFwvREpJXzIwMjEwNjE1XzE0MDYzNl81NzItbWluLmpwZyIsInNsaWRlc2hvdyI6ImFsbC1mODdjZjBlIn0%3D\">\n\t\t\t\t\t<div class=\"e-gallery-image elementor-gallery-item__image\" data-thumbnail=\"https:\/\/besmilet.com\/wp-content\/uploads\/2022\/10\/DJI_20210615_140636_572-min.jpg\" data-width=\"1500\" data-height=\"2000\" aria-label=\"\" role=\"img\" ><\/div>\n\t\t\t\t\t\t\t\t\t\t\t<div class=\"elementor-gallery-item__overlay\"><\/div>\n\t\t\t\t\t\t\t\t\t\t\t\t\t\t<\/a>\n\t\t\t\t\t\t\t<a class=\"e-gallery-item elementor-gallery-item elementor-animated-content\" href=\"https:\/\/besmilet.com\/wp-content\/uploads\/2022\/10\/DJI_20210615_140922_113-min.jpg\" data-elementor-open-lightbox=\"yes\" data-elementor-lightbox-slideshow=\"all-f87cf0e\" data-elementor-lightbox-title=\"DJI_20210615_140922_113-min\" data-e-action-hash=\"#elementor-action%3Aaction%3Dlightbox%26settings%3DeyJpZCI6NzIzLCJ1cmwiOiJodHRwczpcL1wvYmVzbWlsZXQuY29tXC93cC1jb250ZW50XC91cGxvYWRzXC8yMDIyXC8xMFwvREpJXzIwMjEwNjE1XzE0MDkyMl8xMTMtbWluLmpwZyIsInNsaWRlc2hvdyI6ImFsbC1mODdjZjBlIn0%3D\">\n\t\t\t\t\t<div class=\"e-gallery-image elementor-gallery-item__image\" data-thumbnail=\"https:\/\/besmilet.com\/wp-content\/uploads\/2022\/10\/DJI_20210615_140922_113-min.jpg\" data-width=\"1500\" data-height=\"2000\" aria-label=\"\" role=\"img\" ><\/div>\n\t\t\t\t\t\t\t\t\t\t\t<div class=\"elementor-gallery-item__overlay\"><\/div>\n\t\t\t\t\t\t\t\t\t\t\t\t\t\t<\/a>\n\t\t\t\t\t\t\t<a class=\"e-gallery-item elementor-gallery-item elementor-animated-content\" href=\"https:\/\/besmilet.com\/wp-content\/uploads\/2022\/10\/DJI_20210615_140912_842-min.jpg\" data-elementor-open-lightbox=\"yes\" data-elementor-lightbox-slideshow=\"all-f87cf0e\" data-elementor-lightbox-title=\"DJI_20210615_140912_842-min\" data-e-action-hash=\"#elementor-action%3Aaction%3Dlightbox%26settings%3DeyJpZCI6NzIyLCJ1cmwiOiJodHRwczpcL1wvYmVzbWlsZXQuY29tXC93cC1jb250ZW50XC91cGxvYWRzXC8yMDIyXC8xMFwvREpJXzIwMjEwNjE1XzE0MDkxMl84NDItbWluLmpwZyIsInNsaWRlc2hvdyI6ImFsbC1mODdjZjBlIn0%3D\">\n\t\t\t\t\t<div class=\"e-gallery-image elementor-gallery-item__image\" data-thumbnail=\"https:\/\/besmilet.com\/wp-content\/uploads\/2022\/10\/DJI_20210615_140912_842-min.jpg\" data-width=\"1500\" data-height=\"2000\" aria-label=\"\" role=\"img\" ><\/div>\n\t\t\t\t\t\t\t\t\t\t\t<div class=\"elementor-gallery-item__overlay\"><\/div>\n\t\t\t\t\t\t\t\t\t\t\t\t\t\t<\/a>\n\t\t\t\t\t\t\t<a class=\"e-gallery-item elementor-gallery-item elementor-animated-content\" href=\"https:\/\/besmilet.com\/wp-content\/uploads\/2022\/10\/DJI_20210615_140649_127-min.jpg\" data-elementor-open-lightbox=\"yes\" data-elementor-lightbox-slideshow=\"all-f87cf0e\" data-elementor-lightbox-title=\"DJI_20210615_140649_127-min\" data-e-action-hash=\"#elementor-action%3Aaction%3Dlightbox%26settings%3DeyJpZCI6NzIxLCJ1cmwiOiJodHRwczpcL1wvYmVzbWlsZXQuY29tXC93cC1jb250ZW50XC91cGxvYWRzXC8yMDIyXC8xMFwvREpJXzIwMjEwNjE1XzE0MDY0OV8xMjctbWluLmpwZyIsInNsaWRlc2hvdyI6ImFsbC1mODdjZjBlIn0%3D\">\n\t\t\t\t\t<div class=\"e-gallery-image elementor-gallery-item__image\" data-thumbnail=\"https:\/\/besmilet.com\/wp-content\/uploads\/2022\/10\/DJI_20210615_140649_127-min.jpg\" data-width=\"1500\" data-height=\"2000\" aria-label=\"\" role=\"img\" ><\/div>\n\t\t\t\t\t\t\t\t\t\t\t<div class=\"elementor-gallery-item__overlay\"><\/div>\n\t\t\t\t\t\t\t\t\t\t\t\t\t\t<\/a>\n\t\t\t\t\t<\/div>\n\t\t\t\t\t<\/div>\n\t\t\t\t<\/div>\n\t\t\t\t\t<\/div>\n\t\t<\/div>\n\t\t\t\t\t<\/div>\n\t\t<\/section>\n\t\t\t\t<\/div>","protected":false},"excerpt":{"rendered":"<p>Orofacial Harmonization Services Orofacial Harmonization Specialists Within these procedures are the application of botox, hyaluronic acid, threads, enzymes to improve the double chin, among others; in order to improve the appearance of the face. Request service Gallery<\/p>","protected":false},"author":1,"featured_media":0,"parent":368,"menu_order":0,"comment_status":"closed","ping_status":"closed","template":"","meta":{"_joinchat":[],"footnotes":""},"class_list":["post-593","page","type-page","status-publish","hentry"],"yoast_head":"<!-- This site is optimized with the Yoast SEO plugin v27.4 - https:\/\/yoast.com\/product\/yoast-seo-wordpress\/ -->\n<title>Armonizaci\u00f3n orofacial - Besmilet<\/title>\n<meta name=\"robots\" content=\"index, follow, max-snippet:-1, max-image-preview:large, max-video-preview:-1\" \/>\n<link rel=\"canonical\" href=\"https:\/\/besmilet.com\/en\/servicios\/armonizacion-orofacial\/\" \/>\n<meta property=\"og:locale\" content=\"en_US\" \/>\n<meta property=\"og:type\" content=\"article\" \/>\n<meta property=\"og:title\" content=\"Armonizaci\u00f3n orofacial - Besmilet\" \/>\n<meta property=\"og:description\" content=\"Servicios Armonizaci\u00f3n orofacial Especialistas en Armonizaci\u00f3n orofacial Dentro de estos procedimientos est\u00e1n la aplicaci\u00f3n de botox, acido hialuronico, hilos, enzimas para mejorar la papada, entre otros; con la finalidad de mejorar la apariencia del rostro. Solicitar servicio Galer\u00eda\" \/>\n<meta property=\"og:url\" content=\"https:\/\/besmilet.com\/en\/servicios\/armonizacion-orofacial\/\" \/>\n<meta property=\"og:site_name\" content=\"Besmilet\" \/>\n<meta property=\"article:modified_time\" content=\"2024-10-04T20:22:24+00:00\" \/>\n<meta property=\"og:image\" content=\"https:\/\/besmilet.com\/wp-content\/uploads\/elementor\/thumbs\/DJI_20210615_140912_842-min-pwy7woy0v1j1sy1vk6f15rkx069w69oujesbygfeqg.jpg\" \/>\n<meta name=\"twitter:card\" content=\"summary_large_image\" \/>\n<meta name=\"twitter:label1\" content=\"Est. reading time\" \/>\n\t<meta name=\"twitter:data1\" content=\"1 minute\" \/>\n<script type=\"application\/ld+json\" class=\"yoast-schema-graph\">{\"@context\":\"https:\\\/\\\/schema.org\",\"@graph\":[{\"@type\":\"WebPage\",\"@id\":\"https:\\\/\\\/besmilet.com\\\/servicios\\\/armonizacion-orofacial\\\/\",\"url\":\"https:\\\/\\\/besmilet.com\\\/servicios\\\/armonizacion-orofacial\\\/\",\"name\":\"Armonizaci\u00f3n orofacial - Besmilet\",\"isPartOf\":{\"@id\":\"https:\\\/\\\/besmilet.com\\\/#website\"},\"primaryImageOfPage\":{\"@id\":\"https:\\\/\\\/besmilet.com\\\/servicios\\\/armonizacion-orofacial\\\/#primaryimage\"},\"image\":{\"@id\":\"https:\\\/\\\/besmilet.com\\\/servicios\\\/armonizacion-orofacial\\\/#primaryimage\"},\"thumbnailUrl\":\"https:\\\/\\\/besmilet.com\\\/wp-content\\\/uploads\\\/elementor\\\/thumbs\\\/DJI_20210615_140912_842-min-pwy7woy0v1j1sy1vk6f15rkx069w69oujesbygfeqg.jpg\",\"datePublished\":\"2022-10-10T19:38:40+00:00\",\"dateModified\":\"2024-10-04T20:22:24+00:00\",\"breadcrumb\":{\"@id\":\"https:\\\/\\\/besmilet.com\\\/servicios\\\/armonizacion-orofacial\\\/#breadcrumb\"},\"inLanguage\":\"en-US\",\"potentialAction\":[{\"@type\":\"ReadAction\",\"target\":[\"https:\\\/\\\/besmilet.com\\\/servicios\\\/armonizacion-orofacial\\\/\"]}]},{\"@type\":\"ImageObject\",\"inLanguage\":\"en-US\",\"@id\":\"https:\\\/\\\/besmilet.com\\\/servicios\\\/armonizacion-orofacial\\\/#primaryimage\",\"url\":\"https:\\\/\\\/besmilet.com\\\/wp-content\\\/uploads\\\/elementor\\\/thumbs\\\/DJI_20210615_140912_842-min-pwy7woy0v1j1sy1vk6f15rkx069w69oujesbygfeqg.jpg\",\"contentUrl\":\"https:\\\/\\\/besmilet.com\\\/wp-content\\\/uploads\\\/elementor\\\/thumbs\\\/DJI_20210615_140912_842-min-pwy7woy0v1j1sy1vk6f15rkx069w69oujesbygfeqg.jpg\"},{\"@type\":\"BreadcrumbList\",\"@id\":\"https:\\\/\\\/besmilet.com\\\/servicios\\\/armonizacion-orofacial\\\/#breadcrumb\",\"itemListElement\":[{\"@type\":\"ListItem\",\"position\":1,\"name\":\"Portada\",\"item\":\"https:\\\/\\\/besmilet.com\\\/\"},{\"@type\":\"ListItem\",\"position\":2,\"name\":\"Servicios\",\"item\":\"https:\\\/\\\/besmilet.com\\\/servicios\\\/\"},{\"@type\":\"ListItem\",\"position\":3,\"name\":\"Armonizaci\u00f3n orofacial\"}]},{\"@type\":\"WebSite\",\"@id\":\"https:\\\/\\\/besmilet.com\\\/#website\",\"url\":\"https:\\\/\\\/besmilet.com\\\/\",\"name\":\"Besmilet\",\"description\":\"\",\"publisher\":{\"@id\":\"https:\\\/\\\/besmilet.com\\\/#organization\"},\"potentialAction\":[{\"@type\":\"SearchAction\",\"target\":{\"@type\":\"EntryPoint\",\"urlTemplate\":\"https:\\\/\\\/besmilet.com\\\/?s={search_term_string}\"},\"query-input\":{\"@type\":\"PropertyValueSpecification\",\"valueRequired\":true,\"valueName\":\"search_term_string\"}}],\"inLanguage\":\"en-US\"},{\"@type\":\"Organization\",\"@id\":\"https:\\\/\\\/besmilet.com\\\/#organization\",\"name\":\"Besmilet\",\"url\":\"https:\\\/\\\/besmilet.com\\\/\",\"logo\":{\"@type\":\"ImageObject\",\"inLanguage\":\"en-US\",\"@id\":\"https:\\\/\\\/besmilet.com\\\/#\\\/schema\\\/logo\\\/image\\\/\",\"url\":\"https:\\\/\\\/besmilet.com\\\/wp-content\\\/uploads\\\/2022\\\/09\\\/logo-v-besmilet-color1-min.png\",\"contentUrl\":\"https:\\\/\\\/besmilet.com\\\/wp-content\\\/uploads\\\/2022\\\/09\\\/logo-v-besmilet-color1-min.png\",\"width\":792,\"height\":387,\"caption\":\"Besmilet\"},\"image\":{\"@id\":\"https:\\\/\\\/besmilet.com\\\/#\\\/schema\\\/logo\\\/image\\\/\"}}]}<\/script>\n<!-- \/ Yoast SEO plugin. -->","yoast_head_json":{"title":"Armonizaci\u00f3n orofacial - Besmilet","robots":{"index":"index","follow":"follow","max-snippet":"max-snippet:-1","max-image-preview":"max-image-preview:large","max-video-preview":"max-video-preview:-1"},"canonical":"https:\/\/besmilet.com\/en\/servicios\/armonizacion-orofacial\/","og_locale":"en_US","og_type":"article","og_title":"Armonizaci\u00f3n orofacial - Besmilet","og_description":"Servicios Armonizaci\u00f3n orofacial Especialistas en Armonizaci\u00f3n orofacial Dentro de estos procedimientos est\u00e1n la aplicaci\u00f3n de botox, acido hialuronico, hilos, enzimas para mejorar la papada, entre otros; con la finalidad de mejorar la apariencia del rostro. Solicitar servicio Galer\u00eda","og_url":"https:\/\/besmilet.com\/en\/servicios\/armonizacion-orofacial\/","og_site_name":"Besmilet","article_modified_time":"2024-10-04T20:22:24+00:00","og_image":[{"url":"https:\/\/besmilet.com\/wp-content\/uploads\/elementor\/thumbs\/DJI_20210615_140912_842-min-pwy7woy0v1j1sy1vk6f15rkx069w69oujesbygfeqg.jpg","type":"","width":"","height":""}],"twitter_card":"summary_large_image","twitter_misc":{"Est. reading time":"1 minute"},"schema":{"@context":"https:\/\/schema.org","@graph":[{"@type":"WebPage","@id":"https:\/\/besmilet.com\/servicios\/armonizacion-orofacial\/","url":"https:\/\/besmilet.com\/servicios\/armonizacion-orofacial\/","name":"Armonizaci\u00f3n orofacial - Besmilet","isPartOf":{"@id":"https:\/\/besmilet.com\/#website"},"primaryImageOfPage":{"@id":"https:\/\/besmilet.com\/servicios\/armonizacion-orofacial\/#primaryimage"},"image":{"@id":"https:\/\/besmilet.com\/servicios\/armonizacion-orofacial\/#primaryimage"},"thumbnailUrl":"https:\/\/besmilet.com\/wp-content\/uploads\/elementor\/thumbs\/DJI_20210615_140912_842-min-pwy7woy0v1j1sy1vk6f15rkx069w69oujesbygfeqg.jpg","datePublished":"2022-10-10T19:38:40+00:00","dateModified":"2024-10-04T20:22:24+00:00","breadcrumb":{"@id":"https:\/\/besmilet.com\/servicios\/armonizacion-orofacial\/#breadcrumb"},"inLanguage":"en-US","potentialAction":[{"@type":"ReadAction","target":["https:\/\/besmilet.com\/servicios\/armonizacion-orofacial\/"]}]},{"@type":"ImageObject","inLanguage":"en-US","@id":"https:\/\/besmilet.com\/servicios\/armonizacion-orofacial\/#primaryimage","url":"https:\/\/besmilet.com\/wp-content\/uploads\/elementor\/thumbs\/DJI_20210615_140912_842-min-pwy7woy0v1j1sy1vk6f15rkx069w69oujesbygfeqg.jpg","contentUrl":"https:\/\/besmilet.com\/wp-content\/uploads\/elementor\/thumbs\/DJI_20210615_140912_842-min-pwy7woy0v1j1sy1vk6f15rkx069w69oujesbygfeqg.jpg"},{"@type":"BreadcrumbList","@id":"https:\/\/besmilet.com\/servicios\/armonizacion-orofacial\/#breadcrumb","itemListElement":[{"@type":"ListItem","position":1,"name":"Portada","item":"https:\/\/besmilet.com\/"},{"@type":"ListItem","position":2,"name":"Servicios","item":"https:\/\/besmilet.com\/servicios\/"},{"@type":"ListItem","position":3,"name":"Armonizaci\u00f3n orofacial"}]},{"@type":"WebSite","@id":"https:\/\/besmilet.com\/#website","url":"https:\/\/besmilet.com\/","name":"Besmilet","description":"","publisher":{"@id":"https:\/\/besmilet.com\/#organization"},"potentialAction":[{"@type":"SearchAction","target":{"@type":"EntryPoint","urlTemplate":"https:\/\/besmilet.com\/?s={search_term_string}"},"query-input":{"@type":"PropertyValueSpecification","valueRequired":true,"valueName":"search_term_string"}}],"inLanguage":"en-US"},{"@type":"Organization","@id":"https:\/\/besmilet.com\/#organization","name":"Besmilet","url":"https:\/\/besmilet.com\/","logo":{"@type":"ImageObject","inLanguage":"en-US","@id":"https:\/\/besmilet.com\/#\/schema\/logo\/image\/","url":"https:\/\/besmilet.com\/wp-content\/uploads\/2022\/09\/logo-v-besmilet-color1-min.png","contentUrl":"https:\/\/besmilet.com\/wp-content\/uploads\/2022\/09\/logo-v-besmilet-color1-min.png","width":792,"height":387,"caption":"Besmilet"},"image":{"@id":"https:\/\/besmilet.com\/#\/schema\/logo\/image\/"}}]}},"_links":{"self":[{"href":"https:\/\/besmilet.com\/en\/wp-json\/wp\/v2\/pages\/593","targetHints":{"allow":["GET"]}}],"collection":[{"href":"https:\/\/besmilet.com\/en\/wp-json\/wp\/v2\/pages"}],"about":[{"href":"https:\/\/besmilet.com\/en\/wp-json\/wp\/v2\/types\/page"}],"author":[{"embeddable":true,"href":"https:\/\/besmilet.com\/en\/wp-json\/wp\/v2\/users\/1"}],"replies":[{"embeddable":true,"href":"https:\/\/besmilet.com\/en\/wp-json\/wp\/v2\/comments?post=593"}],"version-history":[{"count":0,"href":"https:\/\/besmilet.com\/en\/wp-json\/wp\/v2\/pages\/593\/revisions"}],"up":[{"embeddable":true,"href":"https:\/\/besmilet.com\/en\/wp-json\/wp\/v2\/pages\/368"}],"wp:attachment":[{"href":"https:\/\/besmilet.com\/en\/wp-json\/wp\/v2\/media?parent=593"}],"curies":[{"name":"wp","href":"https:\/\/api.w.org\/{rel}","templated":true}]}}