{"id":525,"date":"2022-10-10T16:39:15","date_gmt":"2022-10-10T16:39:15","guid":{"rendered":"https:\/\/besmilet.com\/demo2022\/servicios\/profilaxis-y-detartraje-copy\/"},"modified":"2024-10-04T20:14:22","modified_gmt":"2024-10-04T20:14:22","slug":"diseno-de-sonrisa","status":"publish","type":"page","link":"https:\/\/besmilet.com\/en\/servicios\/diseno-de-sonrisa\/","title":{"rendered":"Smile design"},"content":{"rendered":"<div data-elementor-type=\"wp-page\" data-elementor-id=\"525\" class=\"elementor elementor-525\">\n\t\t\t\t\t\t<section class=\"elementor-section elementor-top-section elementor-element elementor-element-b629ee4 elementor-section-height-min-height elementor-section-boxed elementor-section-height-default elementor-section-items-middle exad-glass-effect-no wpr-particle-no wpr-jarallax-no wpr-parallax-no wpr-sticky-section-no wpr-equal-height-no exad-sticky-section-no\" data-id=\"b629ee4\" data-element_type=\"section\" data-e-type=\"section\" data-settings=\"{&quot;background_background&quot;:&quot;classic&quot;,&quot;shape_divider_bottom&quot;:&quot;curve&quot;,&quot;shape_divider_bottom_negative&quot;:&quot;yes&quot;}\">\n\t\t\t\t\t\t\t<div class=\"elementor-background-overlay\"><\/div>\n\t\t\t\t\t\t<div class=\"elementor-shape elementor-shape-bottom\" aria-hidden=\"true\" data-negative=\"true\">\n\t\t\t<svg xmlns=\"http:\/\/www.w3.org\/2000\/svg\" viewbox=\"0 0 1000 100\" preserveaspectratio=\"none\">\n\t<path class=\"elementor-shape-fill\" d=\"M500,97C126.7,96.3,0.8,19.8,0,0v100l1000,0V1C1000,19.4,873.3,97.8,500,97z\"\/>\n<\/svg>\t\t<\/div>\n\t\t\t\t\t<div class=\"elementor-container elementor-column-gap-default\">\n\t\t\t\t\t<div class=\"elementor-column elementor-col-100 elementor-top-column elementor-element elementor-element-87a3303 exad-glass-effect-no exad-sticky-section-no\" data-id=\"87a3303\" data-element_type=\"column\" data-e-type=\"column\">\n\t\t\t<div class=\"elementor-widget-wrap elementor-element-populated\">\n\t\t\t\t\t\t<div class=\"elementor-element elementor-element-6b45c0b exad-sticky-section-no exad-glass-effect-no elementor-invisible elementor-widget elementor-widget-heading\" data-id=\"6b45c0b\" data-element_type=\"widget\" data-e-type=\"widget\" data-settings=\"{&quot;_animation&quot;:&quot;fadeInLeft&quot;}\" data-widget_type=\"heading.default\">\n\t\t\t\t<div class=\"elementor-widget-container\">\n\t\t\t\t\t<h2 class=\"elementor-heading-title elementor-size-default\"><a href=\"https:\/\/besmilet.com\/en\/servicios\/\">Services<\/a><\/h2>\t\t\t\t<\/div>\n\t\t\t\t<\/div>\n\t\t\t\t<div class=\"elementor-element elementor-element-6673e69 exad-sticky-section-no exad-glass-effect-no elementor-invisible elementor-widget elementor-widget-heading\" data-id=\"6673e69\" data-element_type=\"widget\" data-e-type=\"widget\" data-settings=\"{&quot;_animation&quot;:&quot;fadeInLeft&quot;}\" data-widget_type=\"heading.default\">\n\t\t\t\t<div class=\"elementor-widget-container\">\n\t\t\t\t\t<h2 class=\"elementor-heading-title elementor-size-default\">Smile design<\/h2>\t\t\t\t<\/div>\n\t\t\t\t<\/div>\n\t\t\t\t\t<\/div>\n\t\t<\/div>\n\t\t\t\t\t<\/div>\n\t\t<\/section>\n\t\t\t\t<section class=\"elementor-section elementor-top-section elementor-element elementor-element-e456e93 elementor-section-height-min-height elementor-section-items-top elementor-section-content-middle elementor-section-boxed elementor-section-height-default exad-glass-effect-no wpr-particle-no wpr-jarallax-no wpr-parallax-no wpr-sticky-section-no wpr-equal-height-no exad-sticky-section-no\" data-id=\"e456e93\" data-element_type=\"section\" data-e-type=\"section\" data-settings=\"{&quot;background_background&quot;:&quot;classic&quot;}\">\n\t\t\t\t\t\t\t<div class=\"elementor-background-overlay\"><\/div>\n\t\t\t\t\t\t\t<div class=\"elementor-container elementor-column-gap-default\">\n\t\t\t\t\t<div class=\"elementor-column elementor-col-50 elementor-top-column elementor-element elementor-element-b835f6e exad-glass-effect-no exad-sticky-section-no elementor-invisible\" data-id=\"b835f6e\" data-element_type=\"column\" data-e-type=\"column\" data-settings=\"{&quot;background_background&quot;:&quot;classic&quot;,&quot;animation&quot;:&quot;fadeInLeft&quot;}\">\n\t\t\t<div class=\"elementor-widget-wrap elementor-element-populated\">\n\t\t\t\t\t\t<div class=\"elementor-element elementor-element-1f36b84 exad-sticky-section-no exad-glass-effect-no elementor-invisible elementor-widget elementor-widget-image\" data-id=\"1f36b84\" data-element_type=\"widget\" data-e-type=\"widget\" data-settings=\"{&quot;_animation&quot;:&quot;zoomIn&quot;,&quot;_animation_delay&quot;:600}\" data-widget_type=\"image.default\">\n\t\t\t\t<div class=\"elementor-widget-container\">\n\t\t\t\t\t\t\t\t\t\t\t\t\t\t\t<img decoding=\"async\" src=\"https:\/\/besmilet.com\/wp-content\/uploads\/elementor\/thumbs\/img-01-9-min-min-pv78eydqjcmakhtowhxqn2d1vs7nr37ym6fiw58gsw.jpg\" title=\"img-01-9-min-min\" alt=\"img-01-9-min-min\" loading=\"lazy\" \/>\t\t\t\t\t\t\t\t\t\t\t\t\t\t\t<\/div>\n\t\t\t\t<\/div>\n\t\t\t\t\t<\/div>\n\t\t<\/div>\n\t\t\t\t<div class=\"elementor-column elementor-col-50 elementor-top-column elementor-element elementor-element-b99e0de exad-glass-effect-no exad-sticky-section-no\" data-id=\"b99e0de\" data-element_type=\"column\" data-e-type=\"column\">\n\t\t\t<div class=\"elementor-widget-wrap elementor-element-populated\">\n\t\t\t\t\t\t<div class=\"elementor-element elementor-element-7fc7772 exad-sticky-section-no exad-glass-effect-no elementor-widget elementor-widget-heading\" data-id=\"7fc7772\" data-element_type=\"widget\" data-e-type=\"widget\" data-widget_type=\"heading.default\">\n\t\t\t\t<div class=\"elementor-widget-container\">\n\t\t\t\t\t<h2 class=\"elementor-heading-title elementor-size-default\">Specialist in <br><b>Smile design<\/b><\/h2>\t\t\t\t<\/div>\n\t\t\t\t<\/div>\n\t\t\t\t<div class=\"elementor-element elementor-element-af8685d elementor-widget-divider--view-line exad-sticky-section-no exad-glass-effect-no elementor-widget elementor-widget-divider\" data-id=\"af8685d\" data-element_type=\"widget\" data-e-type=\"widget\" data-widget_type=\"divider.default\">\n\t\t\t\t<div class=\"elementor-widget-container\">\n\t\t\t\t\t\t\t<div class=\"elementor-divider\">\n\t\t\t<span class=\"elementor-divider-separator\">\n\t\t\t\t\t\t<\/span>\n\t\t<\/div>\n\t\t\t\t\t\t<\/div>\n\t\t\t\t<\/div>\n\t\t\t\t<div class=\"elementor-element elementor-element-c92b993 exad-sticky-section-no exad-glass-effect-no elementor-invisible elementor-widget elementor-widget-text-editor\" data-id=\"c92b993\" data-element_type=\"widget\" data-e-type=\"widget\" data-settings=\"{&quot;_animation&quot;:&quot;zoomIn&quot;,&quot;_animation_delay&quot;:600}\" data-widget_type=\"text-editor.default\">\n\t\t\t\t<div class=\"elementor-widget-container\">\n\t\t\t\t\t\t\t\t\t<p>They are lenses or veneers that cover the outside of the front teeth in order to improve the shape, color and size of the teeth, achieving harmony with the face. There are two materials: resin (it is made directly, that is, in the mouth, where the tooth is molded; or indirectly outside the mouth, where they are then placed on these teeth) and ceramics (which are made by our laboratory technicians with certain differences with respect to the resin that will later be placed on the teeth). Differences between resin and ceramic: we only work with a type of resin that makes it different from the others on the market, which has characteristics such as: it has nanoceramic particles which make it a much better finish and polish and are much more resistant to the fractures. But the resins lose their properties over time and require maintenance since they can become pigmented or may require a change in them. With respect to ceramics, it is a much more resistant material that, when made in specialized ovens, is much brighter, and the best property of these is that they do not become pigmented with the food we eat.<\/p>\t\t\t\t\t\t\t\t<\/div>\n\t\t\t\t<\/div>\n\t\t\t\t<div class=\"elementor-element elementor-element-7bc42e5 exad-sticky-section-no exad-glass-effect-no elementor-widget elementor-widget-button\" data-id=\"7bc42e5\" data-element_type=\"widget\" data-e-type=\"widget\" data-widget_type=\"button.default\">\n\t\t\t\t<div class=\"elementor-widget-container\">\n\t\t\t\t\t\t\t\t\t<div class=\"elementor-button-wrapper\">\n\t\t\t\t\t<a class=\"elementor-button elementor-button-link elementor-size-sm\" href=\"https:\/\/api.whatsapp.com\/send\/?phone=573137965131&#038;text=Solicitar%20servicio%20\">\n\t\t\t\t\t\t<span class=\"elementor-button-content-wrapper\">\n\t\t\t\t\t\t\t\t\t<span class=\"elementor-button-text\">request service<\/span>\n\t\t\t\t\t<\/span>\n\t\t\t\t\t<\/a>\n\t\t\t\t<\/div>\n\t\t\t\t\t\t\t\t<\/div>\n\t\t\t\t<\/div>\n\t\t\t\t\t<\/div>\n\t\t<\/div>\n\t\t\t\t\t<\/div>\n\t\t<\/section>\n\t\t\t\t<\/div>","protected":false},"excerpt":{"rendered":"<p>Servicios Dise\u00f1o de sonrisa Especialistas en Dise\u00f1o de sonrisa Son lentes o carillas que cubren la parte de afuera de los dientes de adelante con el fin de mejorar la forma, el color y el tama\u00f1o de los dientes logrando una armon\u00eda con el rostro. Existen dos materiales: resina (se hace de una manera directa, es decir en boca, donde se va moldeando el diente; o indirecta por fuera de boca donde luego son colocadas en estos dientes) y cer\u00e1mica (que son realizadas por nuestros laboratoristas con ciertas diferencias con respecto a la resina que luego ser\u00e1n colocadas en los dientes). Diferencias entre resina y cer\u00e1mica: nosotros solo trabajamos con un tipo de resina que la hace diferente a las dem\u00e1s en el mercado, que tiene caracter\u00edsticas como: tiene part\u00edculas nanocer\u00e1micas lo que la hacen con un acabado y pulido mucho mejor y son mucho mas resistentes a las fracturas. Pero la resinas con el tiempo pierden sus propiedades y requieren mantenimientos \u00a0ya que se pueden ir pigmentando o pueden a llegar a requerir un cambio de estas mismas. Con respecto a la cer\u00e1mica es un material mucho mas resistente que al ser hecho en unos hornos especializados son mucho mas brillantes, y la mejor propiedad de estos es que no se pigmentan con los alimentos que consumimos. Solicitar servicio<\/p>","protected":false},"author":1,"featured_media":0,"parent":368,"menu_order":0,"comment_status":"closed","ping_status":"closed","template":"","meta":{"_joinchat":[],"footnotes":""},"class_list":["post-525","page","type-page","status-publish","hentry"],"yoast_head":"<!-- This site is optimized with the Yoast SEO plugin v27.4 - https:\/\/yoast.com\/product\/yoast-seo-wordpress\/ -->\n<title>\u25b7 Dise\u00f1o de sonrisa al mejor precio \u2714\ufe0f Odontolog\u00eda en Medell\u00edn<\/title>\n<meta name=\"description\" content=\"Consigue la sonrisa de tus sue\u00f1os con nuestro servicio de dise\u00f1o de sonrisa. \u2b50 Mejora tu confianza y transforma tu imagen hoy mismo. \u27a1\ufe0f\" \/>\n<meta name=\"robots\" content=\"index, follow, max-snippet:-1, max-image-preview:large, max-video-preview:-1\" \/>\n<link rel=\"canonical\" href=\"https:\/\/besmilet.com\/en\/servicios\/diseno-de-sonrisa\/\" \/>\n<meta property=\"og:locale\" content=\"en_US\" \/>\n<meta property=\"og:type\" content=\"article\" \/>\n<meta property=\"og:title\" content=\"\u25b7 Dise\u00f1o de sonrisa al mejor precio \u2714\ufe0f Odontolog\u00eda en Medell\u00edn\" \/>\n<meta property=\"og:description\" content=\"Consigue la sonrisa de tus sue\u00f1os con nuestro servicio de dise\u00f1o de sonrisa. \u2b50 Mejora tu confianza y transforma tu imagen hoy mismo. \u27a1\ufe0f\" \/>\n<meta property=\"og:url\" content=\"https:\/\/besmilet.com\/en\/servicios\/diseno-de-sonrisa\/\" \/>\n<meta property=\"og:site_name\" content=\"Besmilet\" \/>\n<meta property=\"article:modified_time\" content=\"2024-10-04T20:14:22+00:00\" \/>\n<meta property=\"og:image\" content=\"https:\/\/besmilet.com\/wp-content\/uploads\/elementor\/thumbs\/img-01-9-min-min-pv78eydqjcmakhtowhxqn2d1vs7nr37ym6fiw58gsw.jpg\" \/>\n<meta name=\"twitter:card\" content=\"summary_large_image\" \/>\n<meta name=\"twitter:label1\" content=\"Est. reading time\" \/>\n\t<meta name=\"twitter:data1\" content=\"2 minutes\" \/>\n<script type=\"application\/ld+json\" class=\"yoast-schema-graph\">{\"@context\":\"https:\\\/\\\/schema.org\",\"@graph\":[{\"@type\":\"WebPage\",\"@id\":\"https:\\\/\\\/besmilet.com\\\/servicios\\\/diseno-de-sonrisa\\\/\",\"url\":\"https:\\\/\\\/besmilet.com\\\/servicios\\\/diseno-de-sonrisa\\\/\",\"name\":\"\u25b7 Dise\u00f1o de sonrisa al mejor precio \u2714\ufe0f Odontolog\u00eda en Medell\u00edn\",\"isPartOf\":{\"@id\":\"https:\\\/\\\/besmilet.com\\\/#website\"},\"primaryImageOfPage\":{\"@id\":\"https:\\\/\\\/besmilet.com\\\/servicios\\\/diseno-de-sonrisa\\\/#primaryimage\"},\"image\":{\"@id\":\"https:\\\/\\\/besmilet.com\\\/servicios\\\/diseno-de-sonrisa\\\/#primaryimage\"},\"thumbnailUrl\":\"https:\\\/\\\/besmilet.com\\\/wp-content\\\/uploads\\\/elementor\\\/thumbs\\\/img-01-9-min-min-pv78eydqjcmakhtowhxqn2d1vs7nr37ym6fiw58gsw.jpg\",\"datePublished\":\"2022-10-10T16:39:15+00:00\",\"dateModified\":\"2024-10-04T20:14:22+00:00\",\"description\":\"Consigue la sonrisa de tus sue\u00f1os con nuestro servicio de dise\u00f1o de sonrisa. \u2b50 Mejora tu confianza y transforma tu imagen hoy mismo. \u27a1\ufe0f\",\"breadcrumb\":{\"@id\":\"https:\\\/\\\/besmilet.com\\\/servicios\\\/diseno-de-sonrisa\\\/#breadcrumb\"},\"inLanguage\":\"en-US\",\"potentialAction\":[{\"@type\":\"ReadAction\",\"target\":[\"https:\\\/\\\/besmilet.com\\\/servicios\\\/diseno-de-sonrisa\\\/\"]}]},{\"@type\":\"ImageObject\",\"inLanguage\":\"en-US\",\"@id\":\"https:\\\/\\\/besmilet.com\\\/servicios\\\/diseno-de-sonrisa\\\/#primaryimage\",\"url\":\"https:\\\/\\\/besmilet.com\\\/wp-content\\\/uploads\\\/elementor\\\/thumbs\\\/img-01-9-min-min-pv78eydqjcmakhtowhxqn2d1vs7nr37ym6fiw58gsw.jpg\",\"contentUrl\":\"https:\\\/\\\/besmilet.com\\\/wp-content\\\/uploads\\\/elementor\\\/thumbs\\\/img-01-9-min-min-pv78eydqjcmakhtowhxqn2d1vs7nr37ym6fiw58gsw.jpg\"},{\"@type\":\"BreadcrumbList\",\"@id\":\"https:\\\/\\\/besmilet.com\\\/servicios\\\/diseno-de-sonrisa\\\/#breadcrumb\",\"itemListElement\":[{\"@type\":\"ListItem\",\"position\":1,\"name\":\"Portada\",\"item\":\"https:\\\/\\\/besmilet.com\\\/\"},{\"@type\":\"ListItem\",\"position\":2,\"name\":\"Servicios\",\"item\":\"https:\\\/\\\/besmilet.com\\\/servicios\\\/\"},{\"@type\":\"ListItem\",\"position\":3,\"name\":\"Dise\u00f1o de sonrisa\"}]},{\"@type\":\"WebSite\",\"@id\":\"https:\\\/\\\/besmilet.com\\\/#website\",\"url\":\"https:\\\/\\\/besmilet.com\\\/\",\"name\":\"Besmilet\",\"description\":\"\",\"publisher\":{\"@id\":\"https:\\\/\\\/besmilet.com\\\/#organization\"},\"potentialAction\":[{\"@type\":\"SearchAction\",\"target\":{\"@type\":\"EntryPoint\",\"urlTemplate\":\"https:\\\/\\\/besmilet.com\\\/?s={search_term_string}\"},\"query-input\":{\"@type\":\"PropertyValueSpecification\",\"valueRequired\":true,\"valueName\":\"search_term_string\"}}],\"inLanguage\":\"en-US\"},{\"@type\":\"Organization\",\"@id\":\"https:\\\/\\\/besmilet.com\\\/#organization\",\"name\":\"Besmilet\",\"url\":\"https:\\\/\\\/besmilet.com\\\/\",\"logo\":{\"@type\":\"ImageObject\",\"inLanguage\":\"en-US\",\"@id\":\"https:\\\/\\\/besmilet.com\\\/#\\\/schema\\\/logo\\\/image\\\/\",\"url\":\"https:\\\/\\\/besmilet.com\\\/wp-content\\\/uploads\\\/2022\\\/09\\\/logo-v-besmilet-color1-min.png\",\"contentUrl\":\"https:\\\/\\\/besmilet.com\\\/wp-content\\\/uploads\\\/2022\\\/09\\\/logo-v-besmilet-color1-min.png\",\"width\":792,\"height\":387,\"caption\":\"Besmilet\"},\"image\":{\"@id\":\"https:\\\/\\\/besmilet.com\\\/#\\\/schema\\\/logo\\\/image\\\/\"}}]}<\/script>\n<!-- \/ Yoast SEO plugin. -->","yoast_head_json":{"title":"\u25b7 Dise\u00f1o de sonrisa al mejor precio \u2714\ufe0f Odontolog\u00eda en Medell\u00edn","description":"Consigue la sonrisa de tus sue\u00f1os con nuestro servicio de dise\u00f1o de sonrisa. \u2b50 Mejora tu confianza y transforma tu imagen hoy mismo. \u27a1\ufe0f","robots":{"index":"index","follow":"follow","max-snippet":"max-snippet:-1","max-image-preview":"max-image-preview:large","max-video-preview":"max-video-preview:-1"},"canonical":"https:\/\/besmilet.com\/en\/servicios\/diseno-de-sonrisa\/","og_locale":"en_US","og_type":"article","og_title":"\u25b7 Dise\u00f1o de sonrisa al mejor precio \u2714\ufe0f Odontolog\u00eda en Medell\u00edn","og_description":"Consigue la sonrisa de tus sue\u00f1os con nuestro servicio de dise\u00f1o de sonrisa. \u2b50 Mejora tu confianza y transforma tu imagen hoy mismo. \u27a1\ufe0f","og_url":"https:\/\/besmilet.com\/en\/servicios\/diseno-de-sonrisa\/","og_site_name":"Besmilet","article_modified_time":"2024-10-04T20:14:22+00:00","og_image":[{"url":"https:\/\/besmilet.com\/wp-content\/uploads\/elementor\/thumbs\/img-01-9-min-min-pv78eydqjcmakhtowhxqn2d1vs7nr37ym6fiw58gsw.jpg","type":"","width":"","height":""}],"twitter_card":"summary_large_image","twitter_misc":{"Est. reading time":"2 minutes"},"schema":{"@context":"https:\/\/schema.org","@graph":[{"@type":"WebPage","@id":"https:\/\/besmilet.com\/servicios\/diseno-de-sonrisa\/","url":"https:\/\/besmilet.com\/servicios\/diseno-de-sonrisa\/","name":"\u25b7 Dise\u00f1o de sonrisa al mejor precio \u2714\ufe0f Odontolog\u00eda en Medell\u00edn","isPartOf":{"@id":"https:\/\/besmilet.com\/#website"},"primaryImageOfPage":{"@id":"https:\/\/besmilet.com\/servicios\/diseno-de-sonrisa\/#primaryimage"},"image":{"@id":"https:\/\/besmilet.com\/servicios\/diseno-de-sonrisa\/#primaryimage"},"thumbnailUrl":"https:\/\/besmilet.com\/wp-content\/uploads\/elementor\/thumbs\/img-01-9-min-min-pv78eydqjcmakhtowhxqn2d1vs7nr37ym6fiw58gsw.jpg","datePublished":"2022-10-10T16:39:15+00:00","dateModified":"2024-10-04T20:14:22+00:00","description":"Consigue la sonrisa de tus sue\u00f1os con nuestro servicio de dise\u00f1o de sonrisa. \u2b50 Mejora tu confianza y transforma tu imagen hoy mismo. \u27a1\ufe0f","breadcrumb":{"@id":"https:\/\/besmilet.com\/servicios\/diseno-de-sonrisa\/#breadcrumb"},"inLanguage":"en-US","potentialAction":[{"@type":"ReadAction","target":["https:\/\/besmilet.com\/servicios\/diseno-de-sonrisa\/"]}]},{"@type":"ImageObject","inLanguage":"en-US","@id":"https:\/\/besmilet.com\/servicios\/diseno-de-sonrisa\/#primaryimage","url":"https:\/\/besmilet.com\/wp-content\/uploads\/elementor\/thumbs\/img-01-9-min-min-pv78eydqjcmakhtowhxqn2d1vs7nr37ym6fiw58gsw.jpg","contentUrl":"https:\/\/besmilet.com\/wp-content\/uploads\/elementor\/thumbs\/img-01-9-min-min-pv78eydqjcmakhtowhxqn2d1vs7nr37ym6fiw58gsw.jpg"},{"@type":"BreadcrumbList","@id":"https:\/\/besmilet.com\/servicios\/diseno-de-sonrisa\/#breadcrumb","itemListElement":[{"@type":"ListItem","position":1,"name":"Portada","item":"https:\/\/besmilet.com\/"},{"@type":"ListItem","position":2,"name":"Servicios","item":"https:\/\/besmilet.com\/servicios\/"},{"@type":"ListItem","position":3,"name":"Dise\u00f1o de sonrisa"}]},{"@type":"WebSite","@id":"https:\/\/besmilet.com\/#website","url":"https:\/\/besmilet.com\/","name":"Besmilet","description":"","publisher":{"@id":"https:\/\/besmilet.com\/#organization"},"potentialAction":[{"@type":"SearchAction","target":{"@type":"EntryPoint","urlTemplate":"https:\/\/besmilet.com\/?s={search_term_string}"},"query-input":{"@type":"PropertyValueSpecification","valueRequired":true,"valueName":"search_term_string"}}],"inLanguage":"en-US"},{"@type":"Organization","@id":"https:\/\/besmilet.com\/#organization","name":"Besmilet","url":"https:\/\/besmilet.com\/","logo":{"@type":"ImageObject","inLanguage":"en-US","@id":"https:\/\/besmilet.com\/#\/schema\/logo\/image\/","url":"https:\/\/besmilet.com\/wp-content\/uploads\/2022\/09\/logo-v-besmilet-color1-min.png","contentUrl":"https:\/\/besmilet.com\/wp-content\/uploads\/2022\/09\/logo-v-besmilet-color1-min.png","width":792,"height":387,"caption":"Besmilet"},"image":{"@id":"https:\/\/besmilet.com\/#\/schema\/logo\/image\/"}}]}},"_links":{"self":[{"href":"https:\/\/besmilet.com\/en\/wp-json\/wp\/v2\/pages\/525","targetHints":{"allow":["GET"]}}],"collection":[{"href":"https:\/\/besmilet.com\/en\/wp-json\/wp\/v2\/pages"}],"about":[{"href":"https:\/\/besmilet.com\/en\/wp-json\/wp\/v2\/types\/page"}],"author":[{"embeddable":true,"href":"https:\/\/besmilet.com\/en\/wp-json\/wp\/v2\/users\/1"}],"replies":[{"embeddable":true,"href":"https:\/\/besmilet.com\/en\/wp-json\/wp\/v2\/comments?post=525"}],"version-history":[{"count":0,"href":"https:\/\/besmilet.com\/en\/wp-json\/wp\/v2\/pages\/525\/revisions"}],"up":[{"embeddable":true,"href":"https:\/\/besmilet.com\/en\/wp-json\/wp\/v2\/pages\/368"}],"wp:attachment":[{"href":"https:\/\/besmilet.com\/en\/wp-json\/wp\/v2\/media?parent=525"}],"curies":[{"name":"wp","href":"https:\/\/api.w.org\/{rel}","templated":true}]}}