{"id":497,"date":"2022-10-10T16:29:26","date_gmt":"2022-10-10T16:29:26","guid":{"rendered":"https:\/\/besmilet.com\/demo2022\/servicios\/profilaxis-y-detartraje-copy\/"},"modified":"2024-10-04T20:16:15","modified_gmt":"2024-10-04T20:16:15","slug":"incrustaciones","status":"publish","type":"page","link":"https:\/\/besmilet.com\/en\/servicios\/incrustaciones\/","title":{"rendered":"Scale"},"content":{"rendered":"<div data-elementor-type=\"wp-page\" data-elementor-id=\"497\" class=\"elementor elementor-497\">\n\t\t\t\t\t\t<section class=\"elementor-section elementor-top-section elementor-element elementor-element-b629ee4 elementor-section-height-min-height elementor-section-boxed elementor-section-height-default elementor-section-items-middle exad-glass-effect-no wpr-particle-no wpr-jarallax-no wpr-parallax-no wpr-sticky-section-no wpr-equal-height-no exad-sticky-section-no\" data-id=\"b629ee4\" data-element_type=\"section\" data-e-type=\"section\" data-settings=\"{&quot;background_background&quot;:&quot;classic&quot;,&quot;shape_divider_bottom&quot;:&quot;curve&quot;,&quot;shape_divider_bottom_negative&quot;:&quot;yes&quot;}\">\n\t\t\t\t\t\t\t<div class=\"elementor-background-overlay\"><\/div>\n\t\t\t\t\t\t<div class=\"elementor-shape elementor-shape-bottom\" aria-hidden=\"true\" data-negative=\"true\">\n\t\t\t<svg xmlns=\"http:\/\/www.w3.org\/2000\/svg\" viewbox=\"0 0 1000 100\" preserveaspectratio=\"none\">\n\t<path class=\"elementor-shape-fill\" d=\"M500,97C126.7,96.3,0.8,19.8,0,0v100l1000,0V1C1000,19.4,873.3,97.8,500,97z\"\/>\n<\/svg>\t\t<\/div>\n\t\t\t\t\t<div class=\"elementor-container elementor-column-gap-default\">\n\t\t\t\t\t<div class=\"elementor-column elementor-col-100 elementor-top-column elementor-element elementor-element-87a3303 exad-glass-effect-no exad-sticky-section-no\" data-id=\"87a3303\" data-element_type=\"column\" data-e-type=\"column\">\n\t\t\t<div class=\"elementor-widget-wrap elementor-element-populated\">\n\t\t\t\t\t\t<div class=\"elementor-element elementor-element-6b45c0b exad-sticky-section-no exad-glass-effect-no elementor-invisible elementor-widget elementor-widget-heading\" data-id=\"6b45c0b\" data-element_type=\"widget\" data-e-type=\"widget\" data-settings=\"{&quot;_animation&quot;:&quot;fadeInLeft&quot;}\" data-widget_type=\"heading.default\">\n\t\t\t\t<div class=\"elementor-widget-container\">\n\t\t\t\t\t<h2 class=\"elementor-heading-title elementor-size-default\"><a href=\"https:\/\/besmilet.com\/en\/servicios\/\">Services<\/a><\/h2>\t\t\t\t<\/div>\n\t\t\t\t<\/div>\n\t\t\t\t<div class=\"elementor-element elementor-element-6673e69 exad-sticky-section-no exad-glass-effect-no elementor-invisible elementor-widget elementor-widget-heading\" data-id=\"6673e69\" data-element_type=\"widget\" data-e-type=\"widget\" data-settings=\"{&quot;_animation&quot;:&quot;fadeInLeft&quot;}\" data-widget_type=\"heading.default\">\n\t\t\t\t<div class=\"elementor-widget-container\">\n\t\t\t\t\t<h2 class=\"elementor-heading-title elementor-size-default\">Scale<\/h2>\t\t\t\t<\/div>\n\t\t\t\t<\/div>\n\t\t\t\t\t<\/div>\n\t\t<\/div>\n\t\t\t\t\t<\/div>\n\t\t<\/section>\n\t\t\t\t<section class=\"elementor-section elementor-top-section elementor-element elementor-element-e456e93 elementor-section-height-min-height elementor-section-items-top elementor-section-content-middle elementor-section-boxed elementor-section-height-default exad-glass-effect-no wpr-particle-no wpr-jarallax-no wpr-parallax-no wpr-sticky-section-no wpr-equal-height-no exad-sticky-section-no\" data-id=\"e456e93\" data-element_type=\"section\" data-e-type=\"section\" data-settings=\"{&quot;background_background&quot;:&quot;classic&quot;}\">\n\t\t\t\t\t\t\t<div class=\"elementor-background-overlay\"><\/div>\n\t\t\t\t\t\t\t<div class=\"elementor-container elementor-column-gap-default\">\n\t\t\t\t\t<div class=\"elementor-column elementor-col-50 elementor-top-column elementor-element elementor-element-b835f6e exad-glass-effect-no exad-sticky-section-no elementor-invisible\" data-id=\"b835f6e\" data-element_type=\"column\" data-e-type=\"column\" data-settings=\"{&quot;background_background&quot;:&quot;classic&quot;,&quot;animation&quot;:&quot;fadeInLeft&quot;}\">\n\t\t\t<div class=\"elementor-widget-wrap elementor-element-populated\">\n\t\t\t\t\t\t<div class=\"elementor-element elementor-element-1f36b84 exad-sticky-section-no exad-glass-effect-no elementor-invisible elementor-widget elementor-widget-image\" data-id=\"1f36b84\" data-element_type=\"widget\" data-e-type=\"widget\" data-settings=\"{&quot;_animation&quot;:&quot;zoomIn&quot;,&quot;_animation_delay&quot;:600}\" data-widget_type=\"image.default\">\n\t\t\t\t<div class=\"elementor-widget-container\">\n\t\t\t\t\t\t\t\t\t\t\t\t\t\t\t<img fetchpriority=\"high\" decoding=\"async\" width=\"800\" height=\"800\" src=\"https:\/\/besmilet.com\/wp-content\/uploads\/2022\/09\/img-11-min-min-1024x1024.jpg\" class=\"attachment-large size-large wp-image-238\" alt=\"\" srcset=\"https:\/\/besmilet.com\/wp-content\/uploads\/2022\/09\/img-11-min-min-1024x1024.jpg 1024w, https:\/\/besmilet.com\/wp-content\/uploads\/2022\/09\/img-11-min-min-300x300.jpg 300w, https:\/\/besmilet.com\/wp-content\/uploads\/2022\/09\/img-11-min-min-150x150.jpg 150w, https:\/\/besmilet.com\/wp-content\/uploads\/2022\/09\/img-11-min-min-768x768.jpg 768w, https:\/\/besmilet.com\/wp-content\/uploads\/2022\/09\/img-11-min-min.jpg 1400w\" sizes=\"(max-width: 800px) 100vw, 800px\" \/>\t\t\t\t\t\t\t\t\t\t\t\t\t\t\t<\/div>\n\t\t\t\t<\/div>\n\t\t\t\t\t<\/div>\n\t\t<\/div>\n\t\t\t\t<div class=\"elementor-column elementor-col-50 elementor-top-column elementor-element elementor-element-b99e0de exad-glass-effect-no exad-sticky-section-no\" data-id=\"b99e0de\" data-element_type=\"column\" data-e-type=\"column\">\n\t\t\t<div class=\"elementor-widget-wrap elementor-element-populated\">\n\t\t\t\t\t\t<div class=\"elementor-element elementor-element-7fc7772 exad-sticky-section-no exad-glass-effect-no elementor-widget elementor-widget-heading\" data-id=\"7fc7772\" data-element_type=\"widget\" data-e-type=\"widget\" data-widget_type=\"heading.default\">\n\t\t\t\t<div class=\"elementor-widget-container\">\n\t\t\t\t\t<h2 class=\"elementor-heading-title elementor-size-default\">Specialist in <br><b>Scale<\/b><\/h2>\t\t\t\t<\/div>\n\t\t\t\t<\/div>\n\t\t\t\t<div class=\"elementor-element elementor-element-af8685d elementor-widget-divider--view-line exad-sticky-section-no exad-glass-effect-no elementor-widget elementor-widget-divider\" data-id=\"af8685d\" data-element_type=\"widget\" data-e-type=\"widget\" data-widget_type=\"divider.default\">\n\t\t\t\t<div class=\"elementor-widget-container\">\n\t\t\t\t\t\t\t<div class=\"elementor-divider\">\n\t\t\t<span class=\"elementor-divider-separator\">\n\t\t\t\t\t\t<\/span>\n\t\t<\/div>\n\t\t\t\t\t\t<\/div>\n\t\t\t\t<\/div>\n\t\t\t\t<div class=\"elementor-element elementor-element-c92b993 exad-sticky-section-no exad-glass-effect-no elementor-invisible elementor-widget elementor-widget-text-editor\" data-id=\"c92b993\" data-element_type=\"widget\" data-e-type=\"widget\" data-settings=\"{&quot;_animation&quot;:&quot;zoomIn&quot;,&quot;_animation_delay&quot;:600}\" data-widget_type=\"text-editor.default\">\n\t\t\t\t<div class=\"elementor-widget-container\">\n\t\t\t\t\t\t\t\t\t<p>It can also be called &#039;tights&#039;. The difference is that an inlay is done outside the mouth, this technique is called indirect. Where the missing part is reconstructed and then it is placed in the little tooth that is necessary. This procedure can be done in resin or ceramic; everything depends on the extension, the strength of the patient when chewing, among other factors.<\/p>\t\t\t\t\t\t\t\t<\/div>\n\t\t\t\t<\/div>\n\t\t\t\t<div class=\"elementor-element elementor-element-7bc42e5 exad-sticky-section-no exad-glass-effect-no elementor-widget elementor-widget-button\" data-id=\"7bc42e5\" data-element_type=\"widget\" data-e-type=\"widget\" data-widget_type=\"button.default\">\n\t\t\t\t<div class=\"elementor-widget-container\">\n\t\t\t\t\t\t\t\t\t<div class=\"elementor-button-wrapper\">\n\t\t\t\t\t<a class=\"elementor-button elementor-button-link elementor-size-sm\" href=\"https:\/\/api.whatsapp.com\/send\/?phone=573137965131&#038;text=Solicitar%20servicio%20\">\n\t\t\t\t\t\t<span class=\"elementor-button-content-wrapper\">\n\t\t\t\t\t\t\t\t\t<span class=\"elementor-button-text\">request service<\/span>\n\t\t\t\t\t<\/span>\n\t\t\t\t\t<\/a>\n\t\t\t\t<\/div>\n\t\t\t\t\t\t\t\t<\/div>\n\t\t\t\t<\/div>\n\t\t\t\t\t<\/div>\n\t\t<\/div>\n\t\t\t\t\t<\/div>\n\t\t<\/section>\n\t\t\t\t<section class=\"elementor-section elementor-top-section elementor-element elementor-element-35c5a8b elementor-section-boxed elementor-section-height-default elementor-section-height-default exad-glass-effect-no wpr-particle-no wpr-jarallax-no wpr-parallax-no wpr-sticky-section-no wpr-equal-height-no exad-sticky-section-no\" data-id=\"35c5a8b\" data-element_type=\"section\" data-e-type=\"section\">\n\t\t\t\t\t\t\t<div class=\"elementor-background-overlay\"><\/div>\n\t\t\t\t\t\t\t<div class=\"elementor-container elementor-column-gap-default\">\n\t\t\t\t\t<div class=\"elementor-column elementor-col-100 elementor-top-column elementor-element elementor-element-f894695 exad-glass-effect-no exad-sticky-section-no\" data-id=\"f894695\" data-element_type=\"column\" data-e-type=\"column\">\n\t\t\t<div class=\"elementor-widget-wrap elementor-element-populated\">\n\t\t\t\t\t\t<section class=\"elementor-section elementor-inner-section elementor-element elementor-element-47f9014 elementor-section-boxed elementor-section-height-default elementor-section-height-default exad-glass-effect-no wpr-particle-no wpr-jarallax-no wpr-parallax-no wpr-sticky-section-no wpr-equal-height-no exad-sticky-section-no\" data-id=\"47f9014\" data-element_type=\"section\" data-e-type=\"section\">\n\t\t\t\t\t\t<div class=\"elementor-container elementor-column-gap-default\">\n\t\t\t\t\t<div class=\"elementor-column elementor-col-100 elementor-inner-column elementor-element elementor-element-3a8159e exad-glass-effect-no exad-sticky-section-no elementor-invisible\" data-id=\"3a8159e\" data-element_type=\"column\" data-e-type=\"column\" data-settings=\"{&quot;animation&quot;:&quot;fadeInLeft&quot;}\">\n\t\t\t<div class=\"elementor-widget-wrap elementor-element-populated\">\n\t\t\t\t\t\t<div class=\"elementor-element elementor-element-6e39852 elementor-widget__width-auto exad-sticky-section-no exad-glass-effect-no elementor-invisible elementor-widget elementor-widget-button\" data-id=\"6e39852\" data-element_type=\"widget\" data-e-type=\"widget\" data-settings=\"{&quot;_animation&quot;:&quot;fadeInRight&quot;,&quot;_animation_delay&quot;:1300}\" data-widget_type=\"button.default\">\n\t\t\t\t<div class=\"elementor-widget-container\">\n\t\t\t\t\t\t\t\t\t<div class=\"elementor-button-wrapper\">\n\t\t\t\t\t<a class=\"elementor-button elementor-button-link elementor-size-sm\" href=\"https:\/\/besmilet.com\/en\/contacto\/\">\n\t\t\t\t\t\t<span class=\"elementor-button-content-wrapper\">\n\t\t\t\t\t\t\t\t\t<span class=\"elementor-button-text\">Contact Us<\/span>\n\t\t\t\t\t<\/span>\n\t\t\t\t\t<\/a>\n\t\t\t\t<\/div>\n\t\t\t\t\t\t\t\t<\/div>\n\t\t\t\t<\/div>\n\t\t\t\t\t<\/div>\n\t\t<\/div>\n\t\t\t\t\t<\/div>\n\t\t<\/section>\n\t\t\t\t\t<\/div>\n\t\t<\/div>\n\t\t\t\t\t<\/div>\n\t\t<\/section>\n\t\t\t\t<\/div>","protected":false},"excerpt":{"rendered":"<p>Servicios Incrustaciones Especialistas en Incrustaciones Tambi\u00e9n se le pueden llamar \u2018calzas\u2019. La diferencia es que una incrustaci\u00f3n se realiza por fuera de boca, esta t\u00e9cnica se llama indirecta. Donde se reconstruye la parte faltante y luego se coloca en el dientecito que sea necesario. Este procedimiento se puede hacer en resina o en cer\u00e1mica; todo depende de la extensi\u00f3n, de la fuerza del paciente al masticar, entre otros factores. Solicitar servicio Cont\u00e1ctenos<\/p>","protected":false},"author":1,"featured_media":0,"parent":368,"menu_order":0,"comment_status":"closed","ping_status":"closed","template":"","meta":{"_joinchat":[],"footnotes":""},"class_list":["post-497","page","type-page","status-publish","hentry"],"yoast_head":"<!-- This site is optimized with the Yoast SEO plugin v27.4 - https:\/\/yoast.com\/product\/yoast-seo-wordpress\/ -->\n<title>\u1408 Incrustaci\u00f3n dental, \u2714\ufe0f\u00bfQu\u00e9 es y cuando se realiza?<\/title>\n<meta name=\"description\" content=\"\u2b50 Una soluci\u00f3n duradera y est\u00e9tica para restaurar la salud y belleza de tu sonrisa. \u27a1\ufe0f \u00a1Agenda tu cita con nuestros especialistas!\" \/>\n<meta name=\"robots\" content=\"index, follow, max-snippet:-1, max-image-preview:large, max-video-preview:-1\" \/>\n<link rel=\"canonical\" href=\"https:\/\/besmilet.com\/en\/servicios\/incrustaciones\/\" \/>\n<meta property=\"og:locale\" content=\"en_US\" \/>\n<meta property=\"og:type\" content=\"article\" \/>\n<meta property=\"og:title\" content=\"\u1408 Incrustaci\u00f3n dental, \u2714\ufe0f\u00bfQu\u00e9 es y cuando se realiza?\" \/>\n<meta property=\"og:description\" content=\"\u2b50 Una soluci\u00f3n duradera y est\u00e9tica para restaurar la salud y belleza de tu sonrisa. \u27a1\ufe0f \u00a1Agenda tu cita con nuestros especialistas!\" \/>\n<meta property=\"og:url\" content=\"https:\/\/besmilet.com\/en\/servicios\/incrustaciones\/\" \/>\n<meta property=\"og:site_name\" content=\"Besmilet\" \/>\n<meta property=\"article:modified_time\" content=\"2024-10-04T20:16:15+00:00\" \/>\n<meta property=\"og:image\" content=\"https:\/\/besmilet.com\/wp-content\/uploads\/2022\/09\/img-11-min-min-1024x1024.jpg\" \/>\n<meta name=\"twitter:card\" content=\"summary_large_image\" \/>\n<meta name=\"twitter:label1\" content=\"Est. reading time\" \/>\n\t<meta name=\"twitter:data1\" content=\"1 minute\" \/>\n<script type=\"application\/ld+json\" class=\"yoast-schema-graph\">{\"@context\":\"https:\\\/\\\/schema.org\",\"@graph\":[{\"@type\":\"WebPage\",\"@id\":\"https:\\\/\\\/besmilet.com\\\/servicios\\\/incrustaciones\\\/\",\"url\":\"https:\\\/\\\/besmilet.com\\\/servicios\\\/incrustaciones\\\/\",\"name\":\"\u1408 Incrustaci\u00f3n dental, \u2714\ufe0f\u00bfQu\u00e9 es y cuando se realiza?\",\"isPartOf\":{\"@id\":\"https:\\\/\\\/besmilet.com\\\/#website\"},\"primaryImageOfPage\":{\"@id\":\"https:\\\/\\\/besmilet.com\\\/servicios\\\/incrustaciones\\\/#primaryimage\"},\"image\":{\"@id\":\"https:\\\/\\\/besmilet.com\\\/servicios\\\/incrustaciones\\\/#primaryimage\"},\"thumbnailUrl\":\"https:\\\/\\\/besmilet.com\\\/wp-content\\\/uploads\\\/2022\\\/09\\\/img-11-min-min-1024x1024.jpg\",\"datePublished\":\"2022-10-10T16:29:26+00:00\",\"dateModified\":\"2024-10-04T20:16:15+00:00\",\"description\":\"\u2b50 Una soluci\u00f3n duradera y est\u00e9tica para restaurar la salud y belleza de tu sonrisa. \u27a1\ufe0f \u00a1Agenda tu cita con nuestros especialistas!\",\"breadcrumb\":{\"@id\":\"https:\\\/\\\/besmilet.com\\\/servicios\\\/incrustaciones\\\/#breadcrumb\"},\"inLanguage\":\"en-US\",\"potentialAction\":[{\"@type\":\"ReadAction\",\"target\":[\"https:\\\/\\\/besmilet.com\\\/servicios\\\/incrustaciones\\\/\"]}]},{\"@type\":\"ImageObject\",\"inLanguage\":\"en-US\",\"@id\":\"https:\\\/\\\/besmilet.com\\\/servicios\\\/incrustaciones\\\/#primaryimage\",\"url\":\"https:\\\/\\\/besmilet.com\\\/wp-content\\\/uploads\\\/2022\\\/09\\\/img-11-min-min-1024x1024.jpg\",\"contentUrl\":\"https:\\\/\\\/besmilet.com\\\/wp-content\\\/uploads\\\/2022\\\/09\\\/img-11-min-min-1024x1024.jpg\"},{\"@type\":\"BreadcrumbList\",\"@id\":\"https:\\\/\\\/besmilet.com\\\/servicios\\\/incrustaciones\\\/#breadcrumb\",\"itemListElement\":[{\"@type\":\"ListItem\",\"position\":1,\"name\":\"Portada\",\"item\":\"https:\\\/\\\/besmilet.com\\\/\"},{\"@type\":\"ListItem\",\"position\":2,\"name\":\"Servicios\",\"item\":\"https:\\\/\\\/besmilet.com\\\/servicios\\\/\"},{\"@type\":\"ListItem\",\"position\":3,\"name\":\"Incrustaciones\"}]},{\"@type\":\"WebSite\",\"@id\":\"https:\\\/\\\/besmilet.com\\\/#website\",\"url\":\"https:\\\/\\\/besmilet.com\\\/\",\"name\":\"Besmilet\",\"description\":\"\",\"publisher\":{\"@id\":\"https:\\\/\\\/besmilet.com\\\/#organization\"},\"potentialAction\":[{\"@type\":\"SearchAction\",\"target\":{\"@type\":\"EntryPoint\",\"urlTemplate\":\"https:\\\/\\\/besmilet.com\\\/?s={search_term_string}\"},\"query-input\":{\"@type\":\"PropertyValueSpecification\",\"valueRequired\":true,\"valueName\":\"search_term_string\"}}],\"inLanguage\":\"en-US\"},{\"@type\":\"Organization\",\"@id\":\"https:\\\/\\\/besmilet.com\\\/#organization\",\"name\":\"Besmilet\",\"url\":\"https:\\\/\\\/besmilet.com\\\/\",\"logo\":{\"@type\":\"ImageObject\",\"inLanguage\":\"en-US\",\"@id\":\"https:\\\/\\\/besmilet.com\\\/#\\\/schema\\\/logo\\\/image\\\/\",\"url\":\"https:\\\/\\\/besmilet.com\\\/wp-content\\\/uploads\\\/2022\\\/09\\\/logo-v-besmilet-color1-min.png\",\"contentUrl\":\"https:\\\/\\\/besmilet.com\\\/wp-content\\\/uploads\\\/2022\\\/09\\\/logo-v-besmilet-color1-min.png\",\"width\":792,\"height\":387,\"caption\":\"Besmilet\"},\"image\":{\"@id\":\"https:\\\/\\\/besmilet.com\\\/#\\\/schema\\\/logo\\\/image\\\/\"}}]}<\/script>\n<!-- \/ Yoast SEO plugin. -->","yoast_head_json":{"title":"\u1408 Incrustaci\u00f3n dental, \u2714\ufe0f\u00bfQu\u00e9 es y cuando se realiza?","description":"\u2b50 Una soluci\u00f3n duradera y est\u00e9tica para restaurar la salud y belleza de tu sonrisa. \u27a1\ufe0f \u00a1Agenda tu cita con nuestros especialistas!","robots":{"index":"index","follow":"follow","max-snippet":"max-snippet:-1","max-image-preview":"max-image-preview:large","max-video-preview":"max-video-preview:-1"},"canonical":"https:\/\/besmilet.com\/en\/servicios\/incrustaciones\/","og_locale":"en_US","og_type":"article","og_title":"\u1408 Incrustaci\u00f3n dental, \u2714\ufe0f\u00bfQu\u00e9 es y cuando se realiza?","og_description":"\u2b50 Una soluci\u00f3n duradera y est\u00e9tica para restaurar la salud y belleza de tu sonrisa. \u27a1\ufe0f \u00a1Agenda tu cita con nuestros especialistas!","og_url":"https:\/\/besmilet.com\/en\/servicios\/incrustaciones\/","og_site_name":"Besmilet","article_modified_time":"2024-10-04T20:16:15+00:00","og_image":[{"url":"https:\/\/besmilet.com\/wp-content\/uploads\/2022\/09\/img-11-min-min-1024x1024.jpg","type":"","width":"","height":""}],"twitter_card":"summary_large_image","twitter_misc":{"Est. reading time":"1 minute"},"schema":{"@context":"https:\/\/schema.org","@graph":[{"@type":"WebPage","@id":"https:\/\/besmilet.com\/servicios\/incrustaciones\/","url":"https:\/\/besmilet.com\/servicios\/incrustaciones\/","name":"\u1408 Incrustaci\u00f3n dental, \u2714\ufe0f\u00bfQu\u00e9 es y cuando se realiza?","isPartOf":{"@id":"https:\/\/besmilet.com\/#website"},"primaryImageOfPage":{"@id":"https:\/\/besmilet.com\/servicios\/incrustaciones\/#primaryimage"},"image":{"@id":"https:\/\/besmilet.com\/servicios\/incrustaciones\/#primaryimage"},"thumbnailUrl":"https:\/\/besmilet.com\/wp-content\/uploads\/2022\/09\/img-11-min-min-1024x1024.jpg","datePublished":"2022-10-10T16:29:26+00:00","dateModified":"2024-10-04T20:16:15+00:00","description":"\u2b50 Una soluci\u00f3n duradera y est\u00e9tica para restaurar la salud y belleza de tu sonrisa. \u27a1\ufe0f \u00a1Agenda tu cita con nuestros especialistas!","breadcrumb":{"@id":"https:\/\/besmilet.com\/servicios\/incrustaciones\/#breadcrumb"},"inLanguage":"en-US","potentialAction":[{"@type":"ReadAction","target":["https:\/\/besmilet.com\/servicios\/incrustaciones\/"]}]},{"@type":"ImageObject","inLanguage":"en-US","@id":"https:\/\/besmilet.com\/servicios\/incrustaciones\/#primaryimage","url":"https:\/\/besmilet.com\/wp-content\/uploads\/2022\/09\/img-11-min-min-1024x1024.jpg","contentUrl":"https:\/\/besmilet.com\/wp-content\/uploads\/2022\/09\/img-11-min-min-1024x1024.jpg"},{"@type":"BreadcrumbList","@id":"https:\/\/besmilet.com\/servicios\/incrustaciones\/#breadcrumb","itemListElement":[{"@type":"ListItem","position":1,"name":"Portada","item":"https:\/\/besmilet.com\/"},{"@type":"ListItem","position":2,"name":"Servicios","item":"https:\/\/besmilet.com\/servicios\/"},{"@type":"ListItem","position":3,"name":"Incrustaciones"}]},{"@type":"WebSite","@id":"https:\/\/besmilet.com\/#website","url":"https:\/\/besmilet.com\/","name":"Besmilet","description":"","publisher":{"@id":"https:\/\/besmilet.com\/#organization"},"potentialAction":[{"@type":"SearchAction","target":{"@type":"EntryPoint","urlTemplate":"https:\/\/besmilet.com\/?s={search_term_string}"},"query-input":{"@type":"PropertyValueSpecification","valueRequired":true,"valueName":"search_term_string"}}],"inLanguage":"en-US"},{"@type":"Organization","@id":"https:\/\/besmilet.com\/#organization","name":"Besmilet","url":"https:\/\/besmilet.com\/","logo":{"@type":"ImageObject","inLanguage":"en-US","@id":"https:\/\/besmilet.com\/#\/schema\/logo\/image\/","url":"https:\/\/besmilet.com\/wp-content\/uploads\/2022\/09\/logo-v-besmilet-color1-min.png","contentUrl":"https:\/\/besmilet.com\/wp-content\/uploads\/2022\/09\/logo-v-besmilet-color1-min.png","width":792,"height":387,"caption":"Besmilet"},"image":{"@id":"https:\/\/besmilet.com\/#\/schema\/logo\/image\/"}}]}},"_links":{"self":[{"href":"https:\/\/besmilet.com\/en\/wp-json\/wp\/v2\/pages\/497","targetHints":{"allow":["GET"]}}],"collection":[{"href":"https:\/\/besmilet.com\/en\/wp-json\/wp\/v2\/pages"}],"about":[{"href":"https:\/\/besmilet.com\/en\/wp-json\/wp\/v2\/types\/page"}],"author":[{"embeddable":true,"href":"https:\/\/besmilet.com\/en\/wp-json\/wp\/v2\/users\/1"}],"replies":[{"embeddable":true,"href":"https:\/\/besmilet.com\/en\/wp-json\/wp\/v2\/comments?post=497"}],"version-history":[{"count":0,"href":"https:\/\/besmilet.com\/en\/wp-json\/wp\/v2\/pages\/497\/revisions"}],"up":[{"embeddable":true,"href":"https:\/\/besmilet.com\/en\/wp-json\/wp\/v2\/pages\/368"}],"wp:attachment":[{"href":"https:\/\/besmilet.com\/en\/wp-json\/wp\/v2\/media?parent=497"}],"curies":[{"name":"wp","href":"https:\/\/api.w.org\/{rel}","templated":true}]}}